{"id":21382,"date":"2024-07-15T18:17:19","date_gmt":"2024-07-15T22:17:19","guid":{"rendered":"https:\/\/lamphallen.se\/sv_se\/product\/taklampa-med-pir-rorelsesensor-120-18w-6400k-22x2-3cm-martha-18\/"},"modified":"2025-09-20T16:31:30","modified_gmt":"2025-09-20T14:31:30","slug":"taklampa-med-pir-rorelsesensor-120-18w-6400k-22x2-3cm-martha-18","status":"publish","type":"product","link":"https:\/\/lamphallen.se\/sv_se\/product\/taklampa-med-pir-rorelsesensor-120-18w-6400k-22x2-3cm-martha-18\/","title":{"rendered":"TAKLAMPA MED PIR R\u00d6RELSESENSOR 120\u00b0 18W 6400K 22&#215;2.3cm MARTHA-18"},"content":{"rendered":"<p>Watts: <strong>18W<\/strong><br \/>\nLumens: <strong>1530lm<\/strong><br \/>\n<strong>Str\u00e5lvinkel<\/strong>: <strong>120\u00b0<\/strong><br \/>\nF\u00e4rg: Vit<br \/>\nBody Type: PC<br \/>\nMedellivsl\u00e4ngd: 25,000\u00a0tim<br \/>\nLjustemperatur: 6400K<br \/>\nSkyddsklass:\u00a0IP20<br \/>\nDimmbar: Nej<br \/>\n<strong>Garanti (\u00c5rs): 2<\/strong><br \/>\nArbetsf\u00f6rdr\u00f6jning: <0.2s<br \/>\nStr\u00f6m:\u00a0AC:100-265V,50\/60Hz<br \/>\nStorlek (mm): \u00d8220\u00d723 mm<br \/>\n<strong>Sensor: Ja<\/strong><\/p>\n<ul>\n<li><strong>Inbyggd PIR & fotocellssensor<\/strong><\/li>\n<li><strong>Dag natt<\/strong><strong>\u00a0Switch tillg\u00e4nglig<\/strong><\/li>\n<li><strong>Yt- och inf\u00e4lld funktion<\/strong><\/li>\n<li><strong>Justerbar (85-165 mm) h\u00e5lapparat<\/strong><\/li>\n<\/ul>\n<p>Tekniska Information:<\/p>\n<p><a href=\"http:\/\/www.lamphallen.se\/images\/Martha-18%20016-060-0018.pdf\">MARTHA-18<\/a><\/p>\n","protected":false},"excerpt":{"rendered":"<p>Watts: 18W Lumens: 1530lm Str\u00e5lvinkel: 120\u00b0 F\u00e4rg: Vit Body Type: PC Medellivsl\u00e4ngd: 25,000\u00a0tim Ljustemperatur: 6400K Skyddsklass:\u00a0IP20 Dimmbar: Nej Garanti (\u00c5rs): 2 Arbetsf\u00f6rdr\u00f6jning:<\/p>\n","protected":false},"featured_media":21384,"comment_status":"open","ping_status":"closed","template":"","meta":{"content-type":"","_joinchat":[]},"product_brand":[],"product_cat":[63],"product_tag":[],"berocket_brand":[35],"class_list":{"0":"post-21382","1":"product","2":"type-product","3":"status-publish","4":"has-post-thumbnail","6":"product_cat-intelligent-ljus","7":"berocket_brand-horoz-elektrik","9":"first","10":"instock","11":"sale","12":"taxable","13":"shipping-taxable","14":"purchasable","15":"product-type-variable","16":"has-default-attributes"},"_links":{"self":[{"href":"https:\/\/lamphallen.se\/sv_se\/wp-json\/wp\/v2\/product\/21382","targetHints":{"allow":["GET"]}}],"collection":[{"href":"https:\/\/lamphallen.se\/sv_se\/wp-json\/wp\/v2\/product"}],"about":[{"href":"https:\/\/lamphallen.se\/sv_se\/wp-json\/wp\/v2\/types\/product"}],"replies":[{"embeddable":true,"href":"https:\/\/lamphallen.se\/sv_se\/wp-json\/wp\/v2\/comments?post=21382"}],"wp:featuredmedia":[{"embeddable":true,"href":"https:\/\/lamphallen.se\/sv_se\/wp-json\/wp\/v2\/media\/21384"}],"wp:attachment":[{"href":"https:\/\/lamphallen.se\/sv_se\/wp-json\/wp\/v2\/media?parent=21382"}],"wp:term":[{"taxonomy":"product_brand","embeddable":true,"href":"https:\/\/lamphallen.se\/sv_se\/wp-json\/wp\/v2\/product_brand?post=21382"},{"taxonomy":"product_cat","embeddable":true,"href":"https:\/\/lamphallen.se\/sv_se\/wp-json\/wp\/v2\/product_cat?post=21382"},{"taxonomy":"product_tag","embeddable":true,"href":"https:\/\/lamphallen.se\/sv_se\/wp-json\/wp\/v2\/product_tag?post=21382"},{"taxonomy":"berocket_brand","embeddable":true,"href":"https:\/\/lamphallen.se\/sv_se\/wp-json\/wp\/v2\/berocket_brand?post=21382"}],"curies":[{"name":"wp","href":"https:\/\/api.w.org\/{rel}","templated":true}]}}