{"id":21404,"date":"2024-07-15T18:17:20","date_gmt":"2024-07-15T22:17:20","guid":{"rendered":"https:\/\/lamphallen.se\/sv_se\/product\/tradgardslampa-24w-4200k-vattentat-ip65-segment\/"},"modified":"2026-03-07T00:15:11","modified_gmt":"2026-03-06T23:15:11","slug":"tradgardslampa-24w-4200k-vattentat-ip65-segment","status":"publish","type":"product","link":"https:\/\/lamphallen.se\/sv_se\/product\/tradgardslampa-24w-4200k-vattentat-ip65-segment\/","title":{"rendered":"TR\u00c4DG\u00c5RDSLAMPA 24W 4200K VATTENT\u00c4T IP65 &#8211; SEGMENT"},"content":{"rendered":"<p>Led Typ: SMD LED<br \/>\nF\u00e4rg: Svart \/ Vit<br \/>\nEffekt: 24W<br \/>\nDimbar: Nej<br \/>\nSp\u00e4nning: 100-265V<br \/>\nLumen: 1800LM<br \/>\nGenomsnittligt liv: <strong>30.000 Tim<\/strong><br \/>\nskyddsklass: IP65<br \/>\nLjus\u00a0Temperatur: 4200K<\/p>\n","protected":false},"excerpt":{"rendered":"<p>Led Typ: SMD LED F\u00e4rg: Svart \/ Vit Effekt: 24W Dimbar: Nej Sp\u00e4nning: 100-265V Lumen: 1800LM Genomsnittligt liv: 30.000 Tim skyddsklass: IP65 Ljus\u00a0Temperatur: 4200K<\/p>\n","protected":false},"featured_media":21406,"comment_status":"closed","ping_status":"closed","template":"","meta":{"content-type":"","_joinchat":[]},"product_brand":[],"product_cat":[71],"product_tag":[],"berocket_brand":[35],"class_list":{"0":"post-21404","1":"product","2":"type-product","3":"status-publish","4":"has-post-thumbnail","6":"product_cat-tradgardslampor","7":"berocket_brand-horoz-elektrik","9":"first","10":"instock","11":"sale","12":"taxable","13":"shipping-taxable","14":"purchasable","15":"product-type-variable","16":"has-default-attributes"},"_links":{"self":[{"href":"https:\/\/lamphallen.se\/sv_se\/wp-json\/wp\/v2\/product\/21404","targetHints":{"allow":["GET"]}}],"collection":[{"href":"https:\/\/lamphallen.se\/sv_se\/wp-json\/wp\/v2\/product"}],"about":[{"href":"https:\/\/lamphallen.se\/sv_se\/wp-json\/wp\/v2\/types\/product"}],"replies":[{"embeddable":true,"href":"https:\/\/lamphallen.se\/sv_se\/wp-json\/wp\/v2\/comments?post=21404"}],"wp:featuredmedia":[{"embeddable":true,"href":"https:\/\/lamphallen.se\/sv_se\/wp-json\/wp\/v2\/media\/21406"}],"wp:attachment":[{"href":"https:\/\/lamphallen.se\/sv_se\/wp-json\/wp\/v2\/media?parent=21404"}],"wp:term":[{"taxonomy":"product_brand","embeddable":true,"href":"https:\/\/lamphallen.se\/sv_se\/wp-json\/wp\/v2\/product_brand?post=21404"},{"taxonomy":"product_cat","embeddable":true,"href":"https:\/\/lamphallen.se\/sv_se\/wp-json\/wp\/v2\/product_cat?post=21404"},{"taxonomy":"product_tag","embeddable":true,"href":"https:\/\/lamphallen.se\/sv_se\/wp-json\/wp\/v2\/product_tag?post=21404"},{"taxonomy":"berocket_brand","embeddable":true,"href":"https:\/\/lamphallen.se\/sv_se\/wp-json\/wp\/v2\/berocket_brand?post=21404"}],"curies":[{"name":"wp","href":"https:\/\/api.w.org\/{rel}","templated":true}]}}