{"id":21469,"date":"2024-07-15T18:17:26","date_gmt":"2024-07-15T22:17:26","guid":{"rendered":"https:\/\/lamphallen.se\/sv_se\/product\/3-meter-julljus-vattentat\/"},"modified":"2025-09-20T16:20:07","modified_gmt":"2025-09-20T14:20:07","slug":"3-meter-julljus-vattentat","status":"publish","type":"product","link":"https:\/\/lamphallen.se\/sv_se\/product\/3-meter-julljus-vattentat\/","title":{"rendered":"3 METER JULLJUS VATTENT\u00c4T"},"content":{"rendered":"<p>Model: LED str\u00e4ng ljus.<\/p>\n<p>Sp\u00e4nning: 110V-240V.<br \/>\nRulle: 3 meter.<br \/>\nLjus F\u00e4rg: Varm vit.<br \/>\nVattent\u00e4g<\/p>\n<p>&nbsp;<\/p>\n","protected":false},"excerpt":{"rendered":"<p>Model: LED str\u00e4ng ljus. Sp\u00e4nning: 110V-240V. Rulle: 3 meter. Ljus F\u00e4rg: Varm vit. Vattent\u00e4g &nbsp;<\/p>\n","protected":false},"featured_media":21470,"comment_status":"closed","ping_status":"closed","template":"","meta":{"content-type":"","_joinchat":[]},"product_brand":[],"product_cat":[67],"product_tag":[],"berocket_brand":[],"class_list":{"0":"post-21469","1":"product","2":"type-product","3":"status-publish","4":"has-post-thumbnail","6":"product_cat-julbelysning","8":"first","9":"outofstock","10":"taxable","11":"shipping-taxable","12":"purchasable","13":"product-type-simple"},"_links":{"self":[{"href":"https:\/\/lamphallen.se\/sv_se\/wp-json\/wp\/v2\/product\/21469","targetHints":{"allow":["GET"]}}],"collection":[{"href":"https:\/\/lamphallen.se\/sv_se\/wp-json\/wp\/v2\/product"}],"about":[{"href":"https:\/\/lamphallen.se\/sv_se\/wp-json\/wp\/v2\/types\/product"}],"replies":[{"embeddable":true,"href":"https:\/\/lamphallen.se\/sv_se\/wp-json\/wp\/v2\/comments?post=21469"}],"wp:featuredmedia":[{"embeddable":true,"href":"https:\/\/lamphallen.se\/sv_se\/wp-json\/wp\/v2\/media\/21470"}],"wp:attachment":[{"href":"https:\/\/lamphallen.se\/sv_se\/wp-json\/wp\/v2\/media?parent=21469"}],"wp:term":[{"taxonomy":"product_brand","embeddable":true,"href":"https:\/\/lamphallen.se\/sv_se\/wp-json\/wp\/v2\/product_brand?post=21469"},{"taxonomy":"product_cat","embeddable":true,"href":"https:\/\/lamphallen.se\/sv_se\/wp-json\/wp\/v2\/product_cat?post=21469"},{"taxonomy":"product_tag","embeddable":true,"href":"https:\/\/lamphallen.se\/sv_se\/wp-json\/wp\/v2\/product_tag?post=21469"},{"taxonomy":"berocket_brand","embeddable":true,"href":"https:\/\/lamphallen.se\/sv_se\/wp-json\/wp\/v2\/berocket_brand?post=21469"}],"curies":[{"name":"wp","href":"https:\/\/api.w.org\/{rel}","templated":true}]}}