{"id":21480,"date":"2024-07-15T18:17:27","date_gmt":"2024-07-15T22:17:27","guid":{"rendered":"https:\/\/lamphallen.se\/sv_se\/product\/rgb-led-list-kit-10-meter-ip65-horoz-electric-digital-10\/"},"modified":"2025-09-20T16:18:25","modified_gmt":"2025-09-20T14:18:25","slug":"rgb-led-list-kit-10-meter-ip65-horoz-electric-digital-10","status":"publish","type":"product","link":"https:\/\/lamphallen.se\/sv_se\/product\/rgb-led-list-kit-10-meter-ip65-horoz-electric-digital-10\/","title":{"rendered":"RGB LED LIST KIT 10 METER IP65 HOROZ ELECTRIC DIGITAL-10"},"content":{"rendered":"<p>Effekt: 10W \/ meter<br \/>\nBredd: 16 mm<br \/>\nKapslingsgrad: IP65<br \/>\nSp\u00e4nning: 220V \/ 12V-24V<br \/>\nGaranti: 24 m\u00e5nader<br \/>\nTj\u00e4nstg\u00f6ringstid: 30.000 timmar<br \/>\nLjusfl\u00f6de: 200 Lm \/ meter<br \/>\nL\u00e4ngd: 10 meters<br \/>\nAntal lysdioder (per 1 meter tejp): 60 st<br \/>\nKomplett set: Tejpen s\u00e4ljs i buntar om 10\u00a0meter<br \/>\nKontrolltyp: Fj\u00e4rrkontroll<br \/>\nM\u00e4rke: HOROZ ELECTRIC<br \/>\nProdukttyp: LED-remsa<br \/>\nFj\u00e4rrkontroll: Med fj\u00e4rrkontroll,\u00a0Synkron med milj\u00f6r\u00f6ster\/m\u00e4nskliga r\u00f6ster<br \/>\nTyp av LED: 5050<br \/>\nSyfte med LED-remsan och duralight: F\u00f6r gator och lokaler (fukts\u00e4kra), f\u00f6r lokaler (interi\u00f6r).<br \/>\nF\u00e4rg: Flerf\u00e4rgad (RGB)<\/p>\n","protected":false},"excerpt":{"rendered":"<p>Effekt: 10W \/ meter Bredd: 16 mm Kapslingsgrad: IP65 Sp\u00e4nning: 220V \/ 12V-24V Garanti: 24 m\u00e5nader Tj\u00e4nstg\u00f6ringstid: 30.000 timmar Ljusfl\u00f6de: 200 Lm \/ meter L\u00e4ngd: 10 meters Antal lysdioder (per 1 meter tejp): 60 st Komplett set: Tejpen s\u00e4ljs i buntar om 10\u00a0meter Kontrolltyp: Fj\u00e4rrkontroll M\u00e4rke: HOROZ ELECTRIC Produkttyp: LED-remsa Fj\u00e4rrkontroll: Med fj\u00e4rrkontroll,\u00a0Synkron med milj\u00f6r\u00f6ster\/m\u00e4nskliga r\u00f6ster Typ av LED: 5050 [&hellip;]<\/p>\n","protected":false},"featured_media":21481,"comment_status":"open","ping_status":"closed","template":"","meta":{"content-type":"","_joinchat":[]},"product_brand":[],"product_cat":[68],"product_tag":[],"berocket_brand":[35],"class_list":{"0":"post-21480","1":"product","2":"type-product","3":"status-publish","4":"has-post-thumbnail","6":"product_cat-led-vattentat-lister","7":"berocket_brand-horoz-elektrik","9":"first","10":"instock","11":"sale","12":"taxable","13":"shipping-taxable","14":"purchasable","15":"product-type-simple"},"_links":{"self":[{"href":"https:\/\/lamphallen.se\/sv_se\/wp-json\/wp\/v2\/product\/21480","targetHints":{"allow":["GET"]}}],"collection":[{"href":"https:\/\/lamphallen.se\/sv_se\/wp-json\/wp\/v2\/product"}],"about":[{"href":"https:\/\/lamphallen.se\/sv_se\/wp-json\/wp\/v2\/types\/product"}],"replies":[{"embeddable":true,"href":"https:\/\/lamphallen.se\/sv_se\/wp-json\/wp\/v2\/comments?post=21480"}],"wp:featuredmedia":[{"embeddable":true,"href":"https:\/\/lamphallen.se\/sv_se\/wp-json\/wp\/v2\/media\/21481"}],"wp:attachment":[{"href":"https:\/\/lamphallen.se\/sv_se\/wp-json\/wp\/v2\/media?parent=21480"}],"wp:term":[{"taxonomy":"product_brand","embeddable":true,"href":"https:\/\/lamphallen.se\/sv_se\/wp-json\/wp\/v2\/product_brand?post=21480"},{"taxonomy":"product_cat","embeddable":true,"href":"https:\/\/lamphallen.se\/sv_se\/wp-json\/wp\/v2\/product_cat?post=21480"},{"taxonomy":"product_tag","embeddable":true,"href":"https:\/\/lamphallen.se\/sv_se\/wp-json\/wp\/v2\/product_tag?post=21480"},{"taxonomy":"berocket_brand","embeddable":true,"href":"https:\/\/lamphallen.se\/sv_se\/wp-json\/wp\/v2\/berocket_brand?post=21480"}],"curies":[{"name":"wp","href":"https:\/\/api.w.org\/{rel}","templated":true}]}}