{"id":21483,"date":"2024-07-15T18:17:27","date_gmt":"2024-07-15T22:17:27","guid":{"rendered":"https:\/\/lamphallen.se\/sv_se\/product\/rgb-led-list-kit-10-meter-horoz-electric-victory-10\/"},"modified":"2025-09-20T16:18:35","modified_gmt":"2025-09-20T14:18:35","slug":"rgb-led-list-kit-10-meter-horoz-electric-victory-10","status":"publish","type":"product","link":"https:\/\/lamphallen.se\/sv_se\/product\/rgb-led-list-kit-10-meter-horoz-electric-victory-10\/","title":{"rendered":"RGB LED LIST KIT 10 METER HOROZ ELECTRIC VICTORY-10"},"content":{"rendered":"<p>M\u00e4rke: HOROZ ELECTRIC.<br \/>\nSet inneh\u00e5ller: Adapter, fj\u00e4rrkontroll, RGB-kontroll.<br \/>\nEffekt: 10W \/ meter<br \/>\nF\u00e4rg: Flerf\u00e4rgad (RGB)<br \/>\nLjusvinkel: 120 grader<br \/>\nKontrolltyp: Fj\u00e4rrkontroll<br \/>\nTyp av LED: SMD 5050<br \/>\nTj\u00e4nstg\u00f6ringstid: 25 000 timmar<br \/>\nLjusstyrka: 800 Lm \/ meter<br \/>\nFj\u00e4rrkontroll: Med fj\u00e4rrkontroll<br \/>\nSyfte med LED-remsan och duralight: F\u00f6r lokaler (interi\u00f6r)<br \/>\nAntal lysdioder (per 1 meter tejp): 60st<br \/>\nBredd: 2 mm<br \/>\nSkyddsgrad: IP20<br \/>\nH\u00f6gsp\u00e4nning: 220V \/ 12V-24V<br \/>\nL\u00e4ngd: 10m<br \/>\nGaranti: 24 m\u00e5nader<\/p>\n","protected":false},"excerpt":{"rendered":"<p>M\u00e4rke: HOROZ ELECTRIC. Set inneh\u00e5ller: Adapter, fj\u00e4rrkontroll, RGB-kontroll. Effekt: 10W \/ meter F\u00e4rg: Flerf\u00e4rgad (RGB) Ljusvinkel: 120 grader Kontrolltyp: Fj\u00e4rrkontroll Typ av LED: SMD 5050 Tj\u00e4nstg\u00f6ringstid: 25 000 timmar Ljusstyrka: 800 Lm \/ meter Fj\u00e4rrkontroll: Med fj\u00e4rrkontroll Syfte med LED-remsan och duralight: F\u00f6r lokaler (interi\u00f6r) Antal lysdioder (per 1 meter tejp): 60st Bredd: 2 mm Skyddsgrad: IP20 H\u00f6gsp\u00e4nning: 220V \/ [&hellip;]<\/p>\n","protected":false},"featured_media":21484,"comment_status":"open","ping_status":"closed","template":"","meta":{"content-type":"","_joinchat":[]},"product_brand":[],"product_cat":[48],"product_tag":[],"berocket_brand":[35],"class_list":{"0":"post-21483","1":"product","2":"type-product","3":"status-publish","4":"has-post-thumbnail","6":"product_cat-led-lister","7":"berocket_brand-horoz-elektrik","9":"first","10":"instock","11":"sale","12":"taxable","13":"shipping-taxable","14":"purchasable","15":"product-type-simple"},"_links":{"self":[{"href":"https:\/\/lamphallen.se\/sv_se\/wp-json\/wp\/v2\/product\/21483","targetHints":{"allow":["GET"]}}],"collection":[{"href":"https:\/\/lamphallen.se\/sv_se\/wp-json\/wp\/v2\/product"}],"about":[{"href":"https:\/\/lamphallen.se\/sv_se\/wp-json\/wp\/v2\/types\/product"}],"replies":[{"embeddable":true,"href":"https:\/\/lamphallen.se\/sv_se\/wp-json\/wp\/v2\/comments?post=21483"}],"wp:featuredmedia":[{"embeddable":true,"href":"https:\/\/lamphallen.se\/sv_se\/wp-json\/wp\/v2\/media\/21484"}],"wp:attachment":[{"href":"https:\/\/lamphallen.se\/sv_se\/wp-json\/wp\/v2\/media?parent=21483"}],"wp:term":[{"taxonomy":"product_brand","embeddable":true,"href":"https:\/\/lamphallen.se\/sv_se\/wp-json\/wp\/v2\/product_brand?post=21483"},{"taxonomy":"product_cat","embeddable":true,"href":"https:\/\/lamphallen.se\/sv_se\/wp-json\/wp\/v2\/product_cat?post=21483"},{"taxonomy":"product_tag","embeddable":true,"href":"https:\/\/lamphallen.se\/sv_se\/wp-json\/wp\/v2\/product_tag?post=21483"},{"taxonomy":"berocket_brand","embeddable":true,"href":"https:\/\/lamphallen.se\/sv_se\/wp-json\/wp\/v2\/berocket_brand?post=21483"}],"curies":[{"name":"wp","href":"https:\/\/api.w.org\/{rel}","templated":true}]}}