{"id":228228,"date":"2025-11-20T15:35:39","date_gmt":"2025-11-20T14:35:39","guid":{"rendered":"https:\/\/lamphallen.se\/?post_type=product&#038;p=228228"},"modified":"2025-11-20T16:00:35","modified_gmt":"2025-11-20T15:00:35","slug":"led-stralkastare-200w-vattentat-ip65-aslan-200","status":"publish","type":"product","link":"https:\/\/lamphallen.se\/sv_se\/product\/led-stralkastare-200w-vattentat-ip65-aslan-200\/","title":{"rendered":"LED-STR\u00c5LKASTARE 200W VATTENT\u00c4T IP65 ASLAN-200"},"content":{"rendered":"<p>LED Typ:\u00a0SMD LED<br \/>\nmedellivsl\u00e4ngd: 30.000 tim.<br \/>\nEffekt: 200W<br \/>\nMotsvarar: 1600W<br \/>\nLumen: 16000 lm<br \/>\nLjustemperatur: 6400K<br \/>\nLjus F\u00e4rg: Dagsljus<br \/>\nDimbar: Nej<br \/>\nEnergiklass: A till\u00a0A++<br \/>\nRa: &gt;Ra80<br \/>\nSp\u00e4nning: 175-250V<br \/>\nMaterial: Aluminium Die Casting Body<\/p>\n<p>Storlek: 420.8&#215;332,9 mm<\/p>\n<p>Vikt:<\/p>\n<p>Tekniska Dokument:<\/p>\n<p><a href=\"https:\/\/api.horozelektrik.com\/uploads\/files\/ASLAN%20200W.pdf\">ASLAN-200 DATASHEET<\/a><\/p>\n","protected":false},"excerpt":{"rendered":"<p>Perfekt utomhus belysning f\u00f6r garageuppfarten, tomt belysning, tr\u00e4dg\u00e5rdsbelysning, bevaknings belysning, industribelysning med mera.<\/p>\n<p>Har du halogenlampor som utomhusbelysning? Dessa LED str\u00e5lkastare \u00e4r mycket energibesparande utomhusbelysning i j\u00e4mf\u00f6relse med energislukande halogenlampor d\u00e4r LED str\u00e5lkastarna mycket snabbt sparar in hela kostnaden f\u00f6r ink\u00f6pet p\u00e5 elr\u00e4kningen!<\/p>\n<p>Chassi i aluminium med h\u00e4rdat frontglas f\u00f6r utomhusbruk (IP65-klass).<br \/>\nEndast 5% degenerering eller f\u00f6rs\u00e4mring av LED dioden efter 10000 timmar, dvs. industriell kvalitet.<\/p>\n","protected":false},"featured_media":228235,"comment_status":"open","ping_status":"closed","template":"","meta":{"content-type":"","_joinchat":[]},"product_brand":[],"product_cat":[74],"product_tag":[113,114],"berocket_brand":[35],"class_list":{"0":"post-228228","1":"product","2":"type-product","3":"status-publish","4":"has-post-thumbnail","6":"product_cat-stralkastare","7":"product_tag-stralkastare_led_200w","8":"product_tag-aslan-200","9":"berocket_brand-horoz-elektrik","11":"first","12":"instock","13":"sale","14":"taxable","15":"shipping-taxable","16":"purchasable","17":"product-type-simple"},"_links":{"self":[{"href":"https:\/\/lamphallen.se\/sv_se\/wp-json\/wp\/v2\/product\/228228","targetHints":{"allow":["GET"]}}],"collection":[{"href":"https:\/\/lamphallen.se\/sv_se\/wp-json\/wp\/v2\/product"}],"about":[{"href":"https:\/\/lamphallen.se\/sv_se\/wp-json\/wp\/v2\/types\/product"}],"replies":[{"embeddable":true,"href":"https:\/\/lamphallen.se\/sv_se\/wp-json\/wp\/v2\/comments?post=228228"}],"wp:featuredmedia":[{"embeddable":true,"href":"https:\/\/lamphallen.se\/sv_se\/wp-json\/wp\/v2\/media\/228235"}],"wp:attachment":[{"href":"https:\/\/lamphallen.se\/sv_se\/wp-json\/wp\/v2\/media?parent=228228"}],"wp:term":[{"taxonomy":"product_brand","embeddable":true,"href":"https:\/\/lamphallen.se\/sv_se\/wp-json\/wp\/v2\/product_brand?post=228228"},{"taxonomy":"product_cat","embeddable":true,"href":"https:\/\/lamphallen.se\/sv_se\/wp-json\/wp\/v2\/product_cat?post=228228"},{"taxonomy":"product_tag","embeddable":true,"href":"https:\/\/lamphallen.se\/sv_se\/wp-json\/wp\/v2\/product_tag?post=228228"},{"taxonomy":"berocket_brand","embeddable":true,"href":"https:\/\/lamphallen.se\/sv_se\/wp-json\/wp\/v2\/berocket_brand?post=228228"}],"curies":[{"name":"wp","href":"https:\/\/api.w.org\/{rel}","templated":true}]}}