{"id":24255,"date":"2024-11-15T10:01:32","date_gmt":"2024-11-15T09:01:32","guid":{"rendered":"https:\/\/lamphallen.se\/?post_type=product&#038;p=24255"},"modified":"2024-11-15T17:00:44","modified_gmt":"2024-11-15T16:00:44","slug":"runda-led-spotlight-vattentat-ip65-5w-450lm-o90mm-fargandring-logan-3cct","status":"publish","type":"product","link":"https:\/\/lamphallen.se\/sv_se\/product\/runda-led-spotlight-vattentat-ip65-5w-450lm-o90mm-fargandring-logan-3cct\/","title":{"rendered":"RUNDA LED-SPOTLIGHT VATTENT\u00c4T IP65 5W 450LM \u00d890mm F\u00c4RG\u00c4NDRING &#8211; LOGAN 3CCT"},"content":{"rendered":"<p>LED Typ: COB LED<br \/>\nMedellivsl\u00e4ngd: 25.000 Tim.<br \/>\nEffekt: 5W<br \/>\nMotsvarar: 40W<br \/>\nLumen: 450 lm<\/p>\n<p>Vattent\u00e4t: <strong><span style=\"color: #ff0000;\">Ja<\/span><\/strong><\/p>\n<p>skyddsklass: IP65<\/p>\n<p>Sockel: Isolerad Sockel<br \/>\nLjustemperatur: 3 cct : 6500k-4000k-3000k<br \/>\nF\u00e4rg: Kallvit &#8211; Vit &#8211; Varmvit<br \/>\n<strong>Dimbar: <span style=\"color: #ff0000;\">NEJ<\/span><\/strong><br \/>\nEnergiklass: A till\u00a0<strong>A++<\/strong><br \/>\nRa: &gt;Ra80<br \/>\nSp\u00e4nning: 170-265V<br \/>\nMaterial: J\u00e4rn<br \/>\nStr\u00e5levinkel: 52\u00b0<\/p>\n<p>Storlek: 25x\u00d890 mm<\/p>\n<p><a href=\"https:\/\/www.horozelektrik.com\/Data\/Document\/Product\/3142\/016-085-0005..pdf\">Datasheet<\/a><\/p>\n<p><strong>F\u00f6rv\u00e4ntas att skickas om 4\u00a0dagars om \u00e4r inte tillg\u00e4nglig i lager.<\/strong><\/p>\n<p>&nbsp;<\/p>\n","protected":false},"excerpt":{"rendered":"<p>LED Typ: COB LED Medellivsl\u00e4ngd: 25.000 Tim. Effekt: 5W Motsvarar: 40W Lumen: 450 lm Vattent\u00e4t: Ja skyddsklass: IP65 Sockel: Isolerad Sockel Ljustemperatur: 3 cct : 6500k-4000k-3000k F\u00e4rg: Kallvit &#8211; Vit &#8211; Varmvit Dimbar: NEJ Energiklass: A till\u00a0A++ Ra: &gt;Ra80 Sp\u00e4nning: 170-265V Material: J\u00e4rn Str\u00e5levinkel: 52\u00b0 Storlek: 25x\u00d890 mm Datasheet F\u00f6rv\u00e4ntas att skickas om 4\u00a0dagars om \u00e4r inte tillg\u00e4nglig i lager. [&hellip;]<\/p>\n","protected":false},"featured_media":20487,"comment_status":"open","ping_status":"closed","template":"","meta":{"content-type":"","_joinchat":[]},"product_brand":[],"product_cat":[89],"product_tag":[],"berocket_brand":[35],"class_list":{"0":"post-24255","1":"product","2":"type-product","3":"status-publish","4":"has-post-thumbnail","6":"product_cat-led-spotlight","7":"berocket_brand-horoz-elektrik","9":"first","10":"onbackorder","11":"taxable","12":"shipping-taxable","13":"purchasable","14":"product-type-variable","15":"has-default-attributes"},"_links":{"self":[{"href":"https:\/\/lamphallen.se\/sv_se\/wp-json\/wp\/v2\/product\/24255","targetHints":{"allow":["GET"]}}],"collection":[{"href":"https:\/\/lamphallen.se\/sv_se\/wp-json\/wp\/v2\/product"}],"about":[{"href":"https:\/\/lamphallen.se\/sv_se\/wp-json\/wp\/v2\/types\/product"}],"replies":[{"embeddable":true,"href":"https:\/\/lamphallen.se\/sv_se\/wp-json\/wp\/v2\/comments?post=24255"}],"wp:featuredmedia":[{"embeddable":true,"href":"https:\/\/lamphallen.se\/sv_se\/wp-json\/wp\/v2\/media\/20487"}],"wp:attachment":[{"href":"https:\/\/lamphallen.se\/sv_se\/wp-json\/wp\/v2\/media?parent=24255"}],"wp:term":[{"taxonomy":"product_brand","embeddable":true,"href":"https:\/\/lamphallen.se\/sv_se\/wp-json\/wp\/v2\/product_brand?post=24255"},{"taxonomy":"product_cat","embeddable":true,"href":"https:\/\/lamphallen.se\/sv_se\/wp-json\/wp\/v2\/product_cat?post=24255"},{"taxonomy":"product_tag","embeddable":true,"href":"https:\/\/lamphallen.se\/sv_se\/wp-json\/wp\/v2\/product_tag?post=24255"},{"taxonomy":"berocket_brand","embeddable":true,"href":"https:\/\/lamphallen.se\/sv_se\/wp-json\/wp\/v2\/berocket_brand?post=24255"}],"curies":[{"name":"wp","href":"https:\/\/api.w.org\/{rel}","templated":true}]}}